{"id":1063,"date":"2024-05-20T09:25:31","date_gmt":"2024-05-20T07:25:31","guid":{"rendered":"https:\/\/www.harasducerisier.com\/sportpferde\/"},"modified":"2025-01-07T19:44:55","modified_gmt":"2025-01-07T18:44:55","slug":"sportpferde","status":"publish","type":"page","link":"https:\/\/www.harasducerisier.com\/de\/sportpferde\/","title":{"rendered":"Sportpferde"},"content":{"rendered":"<p>[et_pb_section fb_built=&#8220;1&#8243; fullwidth=&#8220;on&#8220; next_background_color=&#8220;#ffffff&#8220; admin_label=&#8220;Header Section&#8220; _builder_version=&#8220;4.25.1&#8243; background_color=&#8220;#002042&#8243; bottom_divider_style=&#8220;ramp&#8220; bottom_divider_flip=&#8220;horizontal&#8220; global_colors_info=&#8220;{}&#8220;][et_pb_fullwidth_header text_orientation=&#8220;center&#8220; content_max_width=&#8220;640px&#8220; _builder_version=&#8220;4.25.1&#8243; title_font=&#8220;Oswald|||on|||||&#8220; title_font_size=&#8220;20px&#8220; title_letter_spacing=&#8220;3px&#8220; title_line_height=&#8220;1.5em&#8220; content_font=&#8220;Lora||||||||&#8220; content_font_size=&#8220;22px&#8220; content_line_height=&#8220;2em&#8220; subhead_font=&#8220;Lora|700|||||||&#8220; subhead_font_size=&#8220;60px&#8220; subhead_line_height=&#8220;1.5em&#8220; background_color=&#8220;rgba(255,255,255,0)&#8220; background_image=&#8220;https:\/\/www.harasducerisier.com\/wp-content\/uploads\/2024\/05\/focus.webp&#8220; background_position=&#8220;top_center&#8220; background_vertical_offset=&#8220;19%&#8220; custom_button_one=&#8220;on&#8220; button_one_text_size=&#8220;16px&#8220; button_one_text_color=&#8220;#ffffff&#8220; button_one_bg_color=&#8220;#d29f68&#8243; button_one_border_width=&#8220;15px&#8220; button_one_border_color=&#8220;rgba(210,159,104,0)&#8220; button_one_border_radius=&#8220;100px&#8220; button_one_letter_spacing=&#8220;3px&#8220; button_one_font=&#8220;Oswald|||on|||||&#8220; button_one_use_icon=&#8220;off&#8220; custom_button_two=&#8220;on&#8220; button_two_text_size=&#8220;16px&#8220; button_two_text_color=&#8220;#ffffff&#8220; button_two_bg_color=&#8220;rgba(255,255,255,0.35)&#8220; button_two_border_width=&#8220;15px&#8220; button_two_border_color=&#8220;rgba(0,0,0,0)&#8220; button_two_border_radius=&#8220;100px&#8220; button_two_letter_spacing=&#8220;3px&#8220; button_two_font=&#8220;Oswald|||on|||||&#8220; button_two_use_icon=&#8220;off&#8220; min_height=&#8220;251px&#8220; custom_margin=&#8220;|||&#8220; custom_padding=&#8220;224px||224px||true|&#8220; animation_style=&#8220;zoom&#8220; animation_duration=&#8220;2000ms&#8220; animation_intensity_zoom=&#8220;4%&#8220; subhead_font_size_tablet=&#8220;&#8220; subhead_font_size_phone=&#8220;50px&#8220; subhead_font_size_last_edited=&#8220;on|desktop&#8220; button_one_border_radius_hover=&#8220;100px&#8220; button_one_bg_color_hover=&#8220;#cc8d66&#8243; button_two_bg_color_hover=&#8220;#d29f68&#8243; global_colors_info=&#8220;{}&#8220; button_one_text_size__hover_enabled=&#8220;off&#8220; button_two_text_size__hover_enabled=&#8220;off&#8220; button_one_text_color__hover_enabled=&#8220;off&#8220; button_two_text_color__hover_enabled=&#8220;off&#8220; button_one_border_width__hover_enabled=&#8220;off&#8220; button_two_border_width__hover_enabled=&#8220;off&#8220; button_one_border_color__hover_enabled=&#8220;off&#8220; button_two_border_color__hover_enabled=&#8220;off&#8220; button_one_border_radius__hover_enabled=&#8220;on&#8220; button_one_border_radius__hover=&#8220;100px&#8220; button_two_border_radius__hover_enabled=&#8220;off&#8220; button_one_letter_spacing__hover_enabled=&#8220;off&#8220; button_two_letter_spacing__hover_enabled=&#8220;off&#8220; button_one_bg_color__hover_enabled=&#8220;on&#8220; button_one_bg_color__hover=&#8220;#cc8d66&#8243; button_two_bg_color__hover_enabled=&#8220;on&#8220; button_two_bg_color__hover=&#8220;#d29f68&#8243;][\/et_pb_fullwidth_header][\/et_pb_section][et_pb_section fb_built=&#8220;1&#8243; admin_label=&#8220;Listings&#8220; _builder_version=&#8220;4.16&#8243; custom_padding=&#8220;80px||0||false|false&#8220; animation_style=&#8220;fade&#8220; animation_delay=&#8220;200ms&#8220; global_colors_info=&#8220;{}&#8220;][et_pb_row _builder_version=&#8220;4.25.1&#8243; _module_preset=&#8220;default&#8220; locked=&#8220;off&#8220; global_colors_info=&#8220;{}&#8220;][et_pb_column type=&#8220;4_4&#8243; _builder_version=&#8220;4.25.1&#8243; _module_preset=&#8220;default&#8220; custom_padding=&#8220;10px||0px||false|false&#8220; border_width_top=&#8220;1px&#8220; border_color_top=&#8220;#002042&#8243; border_width_bottom=&#8220;1px&#8220; border_color_bottom=&#8220;#002042&#8243; global_colors_info=&#8220;{}&#8220;][et_pb_text _builder_version=&#8220;4.25.1&#8243; text_font=&#8220;Lora||||||||&#8220; text_font_size=&#8220;15px&#8220; text_line_height=&#8220;2em&#8220; link_font=&#8220;||||||||&#8220; ul_font=&#8220;||||||||&#8220; ol_font=&#8220;||||||||&#8220; quote_font=&#8220;||||||||&#8220; header_font=&#8220;||||||||&#8220; header_2_font=&#8220;Lora|700|||||||&#8220; header_2_font_size=&#8220;50px&#8220; header_2_line_height=&#8220;1.5em&#8220; header_3_font=&#8220;Lora|700|||||||&#8220; header_3_font_size=&#8220;42px&#8220; header_3_line_height=&#8220;1.5em&#8220; header_5_font=&#8220;Oswald|||on|||||&#8220; header_5_text_color=&#8220;rgba(0,0,0,0.4)&#8220; header_5_font_size=&#8220;20px&#8220; header_5_letter_spacing=&#8220;3px&#8220; max_width_tablet=&#8220;&#8220; max_width_phone=&#8220;&#8220; max_width_last_edited=&#8220;on|phone&#8220; custom_margin_tablet=&#8220;|70px||70px&#8220; custom_margin_phone=&#8220;|50px||50px&#8220; custom_margin_last_edited=&#8220;off|desktop&#8220; custom_padding=&#8220;||0px|||&#8220; text_line_height_last_edited=&#8220;off|desktop&#8220; locked=&#8220;off&#8220; global_colors_info=&#8220;{}&#8220;]<\/p>\n<h3><span>Der Kirschbaumstall<\/span><\/h3>\n<p class=\"font_8 wixui-rich-text__text\" style=\"text-align: justify;\"><span class=\"wixui-rich-text__text\">Seit nunmehr 7 Jahren werden unsere Sportpferde von St\u00e9phane Dufour zugeritten, ausgebildet und aufgewertet.<br \/>\nDie Zusammenarbeit basiert auf dem Vertrauen zwischen Besitzer und Reiter, wobei der Respekt vor den Pferden immer an erster Stelle steht.   <\/span><\/p>\n<p>&nbsp;<\/p>\n<p>[\/et_pb_text][\/et_pb_column][\/et_pb_row][et_pb_row column_structure=&#8220;1_2,1_2&#8243; admin_label=&#8220;About Row&#8220; _builder_version=&#8220;4.16&#8243; locked=&#8220;off&#8220; global_colors_info=&#8220;{}&#8220;][et_pb_column type=&#8220;1_2&#8243; _builder_version=&#8220;4.16&#8243; custom_padding=&#8220;|||&#8220; global_colors_info=&#8220;{}&#8220; custom_padding__hover=&#8220;|||&#8220;][et_pb_text _builder_version=&#8220;4.25.1&#8243; _module_preset=&#8220;default&#8220; background_color=&#8220;#002042&#8243; custom_margin=&#8220;0px||||false|false&#8220; custom_padding=&#8220;8px|8px|8px|8px|false|false&#8220; border_radii=&#8220;on|7px|7px|7px|7px&#8220; global_colors_info=&#8220;{}&#8220;]<\/p>\n<p style=\"text-align: justify;\"><span style=\"color: #ffffff;\"><em><span class=\"wixui-rich-text__text\">&#8222;Wir begannen zusammenzuarbeiten, als \u00c9clat drei Jahre alt war, um ihn auf die Hengstschau vorzubereiten und vorzustellen. Wir haben uns sofort gut verstanden. Inzwischen haben wir mehr als nur eine Beziehung zwischen Besitzer und Reiter. Es ist eine Freundschaft, die sich entwickelt hat. Wir haben zwei Br\u00fcder von \u00c9clat im Stall. Ich mag es, sie von Anfang an dabei zu haben und wirklich die ganze &#8222;Herstellung&#8220; zu machen. Jeden Charakter, die Qualit\u00e4ten und Fehler zu erkennen und alles daran zu setzen, um sie nach und nach dahin zu bringen, wo sie sein k\u00f6nnen, nat\u00fcrlich mit der Idee, auf hohem Niveau zu reiten. Ihre Mutter Diva ist eine gute Produzentin und hat sie sehr gepr\u00e4gt. Sie hatte eine starke Pers\u00f6nlichkeit und war sehr k\u00e4mpferisch auf der Rennbahn. Alle drei haben \u00c4hnlichkeiten, aber jeder hat seine eigene Pers\u00f6nlichkeit. \u00c9clat war sensibler, Focus ist etwas rebellischer und Horizon ist eine Mischung aus beiden. Es wird oft gesagt, dass gute Pferde eine Pers\u00f6nlichkeit haben. Sie haben alle drei und das ist es, was ich an ihnen mag. Sie haben das gewisse Etwas.<\/span><\/em><\/span><br class=\"wixui-rich-text__text\"><br class=\"wixui-rich-text__text\"><span class=\"wixui-rich-text__text\" style=\"color: #ffffff;\">St\u00e9phane DUFOUR<\/span><\/p>\n<p>[\/et_pb_text][\/et_pb_column][et_pb_column type=&#8220;1_2&#8243; _builder_version=&#8220;4.16&#8243; custom_padding=&#8220;|||&#8220; global_colors_info=&#8220;{}&#8220; custom_padding__hover=&#8220;|||&#8220;][et_pb_image src=&#8220;https:\/\/www.harasducerisier.com\/wp-content\/uploads\/2024\/05\/stephane-cerisier-1024&#215;682.webp&#8220; title_text=&#8220;stephane cerisier&#8220; _builder_version=&#8220;4.25.1&#8243; _module_preset=&#8220;default&#8220; global_colors_info=&#8220;{}&#8220;][\/et_pb_image][\/et_pb_column][\/et_pb_row][\/et_pb_section][et_pb_section fb_built=&#8220;1&#8243; admin_label=&#8220;Listings&#8220; _builder_version=&#8220;4.25.1&#8243; custom_padding=&#8220;80px||0||false|false&#8220; top_divider_style=&#8220;slant&#8220; top_divider_color=&#8220;#002042&#8243; animation_style=&#8220;fade&#8220; animation_delay=&#8220;200ms&#8220; border_width_bottom=&#8220;1px&#8220; border_color_bottom=&#8220;#002042&#8243; global_colors_info=&#8220;{}&#8220;][et_pb_row _builder_version=&#8220;4.25.1&#8243; _module_preset=&#8220;default&#8220; custom_padding=&#8220;||0px|||&#8220; global_colors_info=&#8220;{}&#8220;][et_pb_column type=&#8220;4_4&#8243; _builder_version=&#8220;4.25.1&#8243; _module_preset=&#8220;default&#8220; global_colors_info=&#8220;{}&#8220;][et_pb_text _builder_version=&#8220;4.25.1&#8243; _module_preset=&#8220;default&#8220; text_text_color=&#8220;#002042&#8243; custom_margin=&#8220;||18px|||&#8220; locked=&#8220;off&#8220; global_colors_info=&#8220;{}&#8220;]<\/p>\n<h3 style=\"text-align: left;\">Unsere Sportpferde<\/h3>\n<p>&nbsp;<\/p>\n<p>[\/et_pb_text][\/et_pb_column][\/et_pb_row][et_pb_row column_structure=&#8220;1_2,1_2&#8243; _builder_version=&#8220;4.25.1&#8243; _module_preset=&#8220;default&#8220; custom_padding=&#8220;||34px|||&#8220; locked=&#8220;off&#8220; global_colors_info=&#8220;{}&#8220;][et_pb_column type=&#8220;1_2&#8243; _builder_version=&#8220;4.25.1&#8243; _module_preset=&#8220;default&#8220; global_colors_info=&#8220;{}&#8220;][et_pb_blurb title=&#8220;Focus du Cerisier&#8220; url=&#8220;https:\/\/www.harasducerisier.com\/de\/fokus-kirschbaum\/&#8220; image=&#8220;https:\/\/www.harasducerisier.com\/wp-content\/uploads\/2024\/05\/F11.webp&#8220; _builder_version=&#8220;4.25.1&#8243; header_font=&#8220;Oswald|||on|||||&#8220; header_font_size=&#8220;16px&#8220; header_letter_spacing=&#8220;2px&#8220; header_line_height=&#8220;1.7em&#8220; body_font=&#8220;Lora||||||||&#8220; body_font_size=&#8220;16px&#8220; body_line_height=&#8220;1.9em&#8220; text_orientation=&#8220;center&#8220; animation_style=&#8220;fade&#8220; animation=&#8220;off&#8220; link_option_url=&#8220;https:\/\/www.harasducerisier.com\/de\/fokus-kirschbaum\/&#8220; hover_enabled=&#8220;0&#8243; border_radii_image=&#8220;on|8px|8px|8px|8px&#8220; box_shadow_style_image=&#8220;preset3&#8243; box_shadow_vertical_image=&#8220;40px&#8220; box_shadow_blur_image=&#8220;60px&#8220; box_shadow_spread_image=&#8220;-35px&#8220; locked=&#8220;off&#8220; global_colors_info=&#8220;{}&#8220; sticky_enabled=&#8220;0&#8243;]<\/p>\n<p>Kannan<br \/>x Loyalty du Cerisier<\/p>\n<p>[\/et_pb_blurb][et_pb_blurb title=&#8220;Horizon du Cerisier&#8220; image=&#8220;https:\/\/www.harasducerisier.com\/wp-content\/uploads\/2024\/05\/Horizon-3.webp&#8220; _builder_version=&#8220;4.25.1&#8243; header_font=&#8220;Oswald|||on|||||&#8220; header_font_size=&#8220;16px&#8220; header_letter_spacing=&#8220;2px&#8220; header_line_height=&#8220;1.7em&#8220; body_font=&#8220;Lora||||||||&#8220; body_font_size=&#8220;16px&#8220; body_line_height=&#8220;1.9em&#8220; text_orientation=&#8220;center&#8220; animation_style=&#8220;fade&#8220; animation=&#8220;off&#8220; link_option_url=&#8220;https:\/\/www.harasducerisier.com\/de\/horizont-von-kirschbaum\/&#8220; border_radii_image=&#8220;on|8px|8px|8px|8px&#8220; box_shadow_style_image=&#8220;preset3&#8243; box_shadow_vertical_image=&#8220;40px&#8220; box_shadow_blur_image=&#8220;60px&#8220; box_shadow_spread_image=&#8220;-35px&#8220; locked=&#8220;off&#8220; global_colors_info=&#8220;{}&#8220;]<\/p>\n<p>Kannan<br \/>x Loyalty du Cerisier<\/p>\n<p>[\/et_pb_blurb][et_pb_blurb title=&#8220;KALINKA DE LA LANDE&#8220; url=&#8220;https:\/\/www.harasducerisier.com\/de\/kalinka-de-la-lande\/&#8220; image=&#8220;https:\/\/www.harasducerisier.com\/wp-content\/uploads\/2024\/07\/DSC_4862.jpg&#8220; _builder_version=&#8220;4.25.1&#8243; header_font=&#8220;Oswald|||on|||||&#8220; header_font_size=&#8220;16px&#8220; header_letter_spacing=&#8220;2px&#8220; header_line_height=&#8220;1.7em&#8220; body_font=&#8220;Lora||||||||&#8220; body_font_size=&#8220;16px&#8220; body_line_height=&#8220;1.9em&#8220; text_orientation=&#8220;center&#8220; animation_style=&#8220;fade&#8220; animation=&#8220;off&#8220; border_radii_image=&#8220;on|8px|8px|8px|8px&#8220; box_shadow_style_image=&#8220;preset3&#8243; box_shadow_vertical_image=&#8220;40px&#8220; box_shadow_blur_image=&#8220;60px&#8220; box_shadow_spread_image=&#8220;-35px&#8220; locked=&#8220;off&#8220; global_colors_info=&#8220;{}&#8220;]<\/p>\n<p>Contendro<br \/>x Rock&#8217;n Roll Semilly<\/p>\n<p>[\/et_pb_blurb][\/et_pb_column][et_pb_column type=&#8220;1_2&#8243; _builder_version=&#8220;4.25.1&#8243; _module_preset=&#8220;default&#8220; global_colors_info=&#8220;{}&#8220;][et_pb_blurb title=&#8220;Joker du Cerisier&#8220; url=&#8220;https:\/\/www.harasducerisier.com\/de\/kirschbaum-joker\/&#8220; image=&#8220;https:\/\/www.harasducerisier.com\/wp-content\/uploads\/2024\/05\/DSC_7340.jpg&#8220; _builder_version=&#8220;4.25.1&#8243; header_font=&#8220;Oswald|||on|||||&#8220; header_font_size=&#8220;16px&#8220; header_letter_spacing=&#8220;2px&#8220; header_line_height=&#8220;1.7em&#8220; body_font=&#8220;Lora||||||||&#8220; body_font_size=&#8220;16px&#8220; body_line_height=&#8220;1.9em&#8220; text_orientation=&#8220;center&#8220; animation_style=&#8220;fade&#8220; animation=&#8220;off&#8220; hover_enabled=&#8220;0&#8243; border_radii_image=&#8220;on|8px|8px|8px|8px&#8220; box_shadow_style_image=&#8220;preset3&#8243; box_shadow_vertical_image=&#8220;40px&#8220; box_shadow_blur_image=&#8220;60px&#8220; box_shadow_spread_image=&#8220;-35px&#8220; locked=&#8220;off&#8220; global_colors_info=&#8220;{}&#8220; sticky_enabled=&#8220;0&#8243;]<\/p>\n<p>Dollar du Rouet<br \/>x Loyalty du Cerisier<\/p>\n<p>[\/et_pb_blurb][et_pb_blurb title=&#8220;Kayenne du Riou&#8220; url=&#8220;https:\/\/www.harasducerisier.com\/de\/kayenne-du-riou\/&#8220; image=&#8220;https:\/\/www.harasducerisier.com\/wp-content\/uploads\/2024\/07\/DSC_4829.jpg&#8220; _builder_version=&#8220;4.25.1&#8243; header_font=&#8220;Oswald|||on|||||&#8220; header_font_size=&#8220;16px&#8220; header_letter_spacing=&#8220;2px&#8220; header_line_height=&#8220;1.7em&#8220; body_font=&#8220;Lora||||||||&#8220; body_font_size=&#8220;16px&#8220; body_line_height=&#8220;1.9em&#8220; text_orientation=&#8220;center&#8220; animation_style=&#8220;fade&#8220; animation=&#8220;off&#8220; border_radii_image=&#8220;on|8px|8px|8px|8px&#8220; box_shadow_style_image=&#8220;preset3&#8243; box_shadow_vertical_image=&#8220;40px&#8220; box_shadow_blur_image=&#8220;60px&#8220; box_shadow_spread_image=&#8220;-35px&#8220; locked=&#8220;off&#8220; global_colors_info=&#8220;{}&#8220;]<\/p>\n<p>Cicave du Talus<br \/>x Mylord Carthago<\/p>\n<p>[\/et_pb_blurb][\/et_pb_column][\/et_pb_row][\/et_pb_section][et_pb_section fb_built=&#8220;1&#8243; _builder_version=&#8220;4.25.1&#8243; _module_preset=&#8220;default&#8220; top_divider_style=&#8220;slant&#8220; top_divider_color=&#8220;#002042&#8243; top_divider_flip=&#8220;horizontal&#8220; global_colors_info=&#8220;{}&#8220;][et_pb_row column_structure=&#8220;3_5,2_5&#8243; _builder_version=&#8220;4.25.1&#8243; _module_preset=&#8220;default&#8220; global_colors_info=&#8220;{}&#8220;][et_pb_column type=&#8220;3_5&#8243; _builder_version=&#8220;4.25.1&#8243; _module_preset=&#8220;default&#8220; global_colors_info=&#8220;{}&#8220;][et_pb_image src=&#8220;https:\/\/www.harasducerisier.com\/wp-content\/uploads\/2024\/05\/h8.webp&#8220; title_text=&#8220;h8&#8243; _builder_version=&#8220;4.25.1&#8243; _module_preset=&#8220;default&#8220; global_colors_info=&#8220;{}&#8220;][\/et_pb_image][\/et_pb_column][et_pb_column type=&#8220;2_5&#8243; _builder_version=&#8220;4.25.1&#8243; _module_preset=&#8220;default&#8220; global_colors_info=&#8220;{}&#8220;][et_pb_text _builder_version=&#8220;4.25.1&#8243; _module_preset=&#8220;default&#8220; custom_margin=&#8220;||18px|||&#8220; global_colors_info=&#8220;{}&#8220;]<\/p>\n<h1 style=\"text-align: center;\"><strong><\/strong><\/h1>\n<h1 style=\"text-align: center;\"><strong><\/strong><\/h1>\n<h1 style=\"text-align: center;\"><strong><\/strong><\/h1>\n<h1 style=\"text-align: center;\"><strong><\/strong><\/h1>\n<h1 style=\"text-align: center;\"><strong>Unser Hengst :  <\/strong><\/h1>\n<h1 style=\"text-align: center;\"><strong>KIRSCHBAUMHORIZONT<\/strong><\/h1>\n<p style=\"text-align: center;\"><span><strong><\/strong><\/span><\/p>\n<p style=\"text-align: center;\"><span><strong>Horizon du Cerisier ist ein gro\u00dfes, dunkelbraunes Pferd mit sehr gro\u00dfen Mitteln, viel Strahl und viel Blut.<br \/>\nEr steht als IAC im Haras de Gravelotte zur Verf\u00fcgung.   <\/strong><\/span><\/p>\n<p>&nbsp;<\/p>\n<p>[\/et_pb_text][et_pb_button button_url=&#8220;https:\/\/www.harasducerisier.com\/de\/horizont-von-kirschbaum\/&#8220; button_text=&#8220;Weitere Informationen&#8220; button_alignment=&#8220;center&#8220; _builder_version=&#8220;4.25.1&#8243; _module_preset=&#8220;default&#8220; custom_button=&#8220;on&#8220; button_text_color=&#8220;#002042&#8243; global_colors_info=&#8220;{}&#8220;][\/et_pb_button][\/et_pb_column][\/et_pb_row][\/et_pb_section]<\/p>\n","protected":false},"excerpt":{"rendered":"<p>Der Kirschbaumstall Seit nunmehr 7 Jahren werden unsere Sportpferde von St\u00e9phane Dufour zugeritten, ausgebildet und aufgewertet. Die Zusammenarbeit basiert auf dem Vertrauen zwischen Besitzer und Reiter, wobei der Respekt vor den Pferden immer an erster Stelle steht. &nbsp;&#8222;Wir begannen zusammenzuarbeiten, als \u00c9clat drei Jahre alt war, um ihn auf die Hengstschau vorzubereiten und vorzustellen. Wir [&hellip;]<\/p>\n","protected":false},"author":1,"featured_media":0,"parent":0,"menu_order":0,"comment_status":"closed","ping_status":"closed","template":"","meta":{"_et_pb_use_builder":"on","_et_pb_old_content":"","_et_gb_content_width":"","footnotes":""},"class_list":["post-1063","page","type-page","status-publish","hentry"],"_links":{"self":[{"href":"https:\/\/www.harasducerisier.com\/de\/wp-json\/wp\/v2\/pages\/1063","targetHints":{"allow":["GET"]}}],"collection":[{"href":"https:\/\/www.harasducerisier.com\/de\/wp-json\/wp\/v2\/pages"}],"about":[{"href":"https:\/\/www.harasducerisier.com\/de\/wp-json\/wp\/v2\/types\/page"}],"author":[{"embeddable":true,"href":"https:\/\/www.harasducerisier.com\/de\/wp-json\/wp\/v2\/users\/1"}],"replies":[{"embeddable":true,"href":"https:\/\/www.harasducerisier.com\/de\/wp-json\/wp\/v2\/comments?post=1063"}],"version-history":[{"count":2,"href":"https:\/\/www.harasducerisier.com\/de\/wp-json\/wp\/v2\/pages\/1063\/revisions"}],"predecessor-version":[{"id":1153,"href":"https:\/\/www.harasducerisier.com\/de\/wp-json\/wp\/v2\/pages\/1063\/revisions\/1153"}],"wp:attachment":[{"href":"https:\/\/www.harasducerisier.com\/de\/wp-json\/wp\/v2\/media?parent=1063"}],"curies":[{"name":"wp","href":"https:\/\/api.w.org\/{rel}","templated":true}]}}