{"id":1071,"date":"2024-05-20T08:19:00","date_gmt":"2024-05-20T06:19:00","guid":{"rendered":"https:\/\/www.harasducerisier.com\/zucht\/"},"modified":"2025-01-07T19:43:04","modified_gmt":"2025-01-07T18:43:04","slug":"zucht","status":"publish","type":"page","link":"https:\/\/www.harasducerisier.com\/de\/zucht\/","title":{"rendered":"Zucht"},"content":{"rendered":"<p>[et_pb_section fb_built=&#8220;1&#8243; fullwidth=&#8220;on&#8220; next_background_color=&#8220;#ffffff&#8220; admin_label=&#8220;Header Section&#8220; _builder_version=&#8220;4.25.1&#8243; background_color=&#8220;#002042&#8243; bottom_divider_style=&#8220;ramp&#8220; bottom_divider_flip=&#8220;horizontal&#8220; locked=&#8220;off&#8220; global_colors_info=&#8220;{}&#8220;][et_pb_fullwidth_header text_orientation=&#8220;center&#8220; content_max_width=&#8220;640px&#8220; _builder_version=&#8220;4.25.1&#8243; title_font=&#8220;Oswald|||on|||||&#8220; title_font_size=&#8220;20px&#8220; title_letter_spacing=&#8220;3px&#8220; title_line_height=&#8220;1.5em&#8220; content_font=&#8220;Lora||||||||&#8220; content_font_size=&#8220;22px&#8220; content_line_height=&#8220;2em&#8220; subhead_font=&#8220;Lora|700|||||||&#8220; subhead_font_size=&#8220;60px&#8220; subhead_line_height=&#8220;1.5em&#8220; background_color=&#8220;rgba(255,255,255,0)&#8220; background_image=&#8220;https:\/\/www.harasducerisier.com\/wp-content\/uploads\/2024\/05\/DSC_7192.jpg&#8220; background_position=&#8220;top_center&#8220; background_vertical_offset=&#8220;51%&#8220; custom_button_one=&#8220;on&#8220; button_one_text_size=&#8220;16px&#8220; button_one_text_color=&#8220;#ffffff&#8220; button_one_bg_color=&#8220;#d29f68&#8243; button_one_border_width=&#8220;15px&#8220; button_one_border_color=&#8220;rgba(210,159,104,0)&#8220; button_one_border_radius=&#8220;100px&#8220; button_one_letter_spacing=&#8220;3px&#8220; button_one_font=&#8220;Oswald|||on|||||&#8220; button_one_use_icon=&#8220;off&#8220; custom_button_two=&#8220;on&#8220; button_two_text_size=&#8220;16px&#8220; button_two_text_color=&#8220;#ffffff&#8220; button_two_bg_color=&#8220;rgba(255,255,255,0.35)&#8220; button_two_border_width=&#8220;15px&#8220; button_two_border_color=&#8220;rgba(0,0,0,0)&#8220; button_two_border_radius=&#8220;100px&#8220; button_two_letter_spacing=&#8220;3px&#8220; button_two_font=&#8220;Oswald|||on|||||&#8220; button_two_use_icon=&#8220;off&#8220; min_height=&#8220;251px&#8220; custom_margin=&#8220;|||&#8220; custom_padding=&#8220;224px||224px||true|&#8220; animation_style=&#8220;zoom&#8220; animation_duration=&#8220;2000ms&#8220; animation_intensity_zoom=&#8220;4%&#8220; subhead_font_size_tablet=&#8220;&#8220; subhead_font_size_phone=&#8220;50px&#8220; subhead_font_size_last_edited=&#8220;on|desktop&#8220; button_one_border_radius_hover=&#8220;100px&#8220; button_one_bg_color_hover=&#8220;#cc8d66&#8243; button_two_bg_color_hover=&#8220;#d29f68&#8243; global_colors_info=&#8220;{}&#8220; button_one_text_size__hover_enabled=&#8220;off&#8220; button_two_text_size__hover_enabled=&#8220;off&#8220; button_one_text_color__hover_enabled=&#8220;off&#8220; button_two_text_color__hover_enabled=&#8220;off&#8220; button_one_border_width__hover_enabled=&#8220;off&#8220; button_two_border_width__hover_enabled=&#8220;off&#8220; button_one_border_color__hover_enabled=&#8220;off&#8220; button_two_border_color__hover_enabled=&#8220;off&#8220; button_one_border_radius__hover_enabled=&#8220;on&#8220; button_one_border_radius__hover=&#8220;100px&#8220; button_two_border_radius__hover_enabled=&#8220;off&#8220; button_one_letter_spacing__hover_enabled=&#8220;off&#8220; button_two_letter_spacing__hover_enabled=&#8220;off&#8220; button_one_bg_color__hover_enabled=&#8220;on&#8220; button_one_bg_color__hover=&#8220;#cc8d66&#8243; button_two_bg_color__hover_enabled=&#8220;on&#8220; button_two_bg_color__hover=&#8220;#d29f68&#8243;][\/et_pb_fullwidth_header][\/et_pb_section][et_pb_section fb_built=&#8220;1&#8243; admin_label=&#8220;Listings&#8220; _builder_version=&#8220;4.16&#8243; custom_margin=&#8220;2px|||||&#8220; custom_padding=&#8220;80px||0||false|false&#8220; animation_style=&#8220;fade&#8220; animation_delay=&#8220;200ms&#8220; global_colors_info=&#8220;{}&#8220;][et_pb_row _builder_version=&#8220;4.25.1&#8243; _module_preset=&#8220;default&#8220; global_colors_info=&#8220;{}&#8220;][et_pb_column type=&#8220;4_4&#8243; _builder_version=&#8220;4.25.1&#8243; _module_preset=&#8220;default&#8220; global_colors_info=&#8220;{}&#8220;][et_pb_text _builder_version=&#8220;4.25.1&#8243; text_font=&#8220;Lora||||||||&#8220; text_font_size=&#8220;15px&#8220; text_line_height=&#8220;2em&#8220; link_font=&#8220;||||||||&#8220; ul_font=&#8220;||||||||&#8220; ol_font=&#8220;||||||||&#8220; quote_font=&#8220;||||||||&#8220; header_font=&#8220;||||||||&#8220; header_2_font=&#8220;Lora|700|||||||&#8220; header_2_font_size=&#8220;50px&#8220; header_2_line_height=&#8220;1.5em&#8220; header_3_font=&#8220;Lora|700|||||||&#8220; header_3_font_size=&#8220;42px&#8220; header_3_line_height=&#8220;1.5em&#8220; header_5_font=&#8220;Oswald|||on|||||&#8220; header_5_text_color=&#8220;rgba(0,0,0,0.4)&#8220; header_5_font_size=&#8220;20px&#8220; header_5_letter_spacing=&#8220;3px&#8220; max_width_tablet=&#8220;&#8220; max_width_phone=&#8220;&#8220; max_width_last_edited=&#8220;on|phone&#8220; custom_margin_tablet=&#8220;|70px||70px&#8220; custom_margin_phone=&#8220;|50px||50px&#8220; custom_margin_last_edited=&#8220;off|desktop&#8220; text_line_height_last_edited=&#8220;off|desktop&#8220; global_colors_info=&#8220;{}&#8220;]<\/p>\n<h3><span>Die Zucht und der Stall von Le Cerisier<\/span><\/h3>\n<p class=\"font_8 wixui-rich-text__text\" style=\"text-align: justify;\"><span class=\"wixui-rich-text__text\">wurden 1988 von Dominique und Daniel Chiecchi in der Schweiz, in La Chaux-de-Fonds, auf 1000 m H\u00f6he gegr\u00fcndet.<br \/>\nWir haben zur gleichen Zeit alle Einrichtungen geschaffen: Haus, Stall, Reithalle und Au\u00dfenreitplatz auf einem 18 Hektar gro\u00dfen Grundst\u00fcck.<br \/>\nUnsere drei T\u00f6chter, Sarah, Estelle und Daniela, waren alle von klein auf von Pferden angezogen und alle drei ritten im Schweizer Springreiterteam.  <\/span><\/p>\n<p class=\"font_8 wixui-rich-text__text\" style=\"text-align: justify;\"><span class=\"wixui-rich-text__text\">Unsere Zucht begann mit einer Schweizer Stute von Musketier\/USA und dem hauseigenen Hengst Ishan du Cerisier (Wellington-Ramiro-Lady killer), der mit unserer Tochter Sarah auf h\u00f6chstem Niveau 1,60m gelaufen ist.  <\/span><\/p>\n<p class=\"font_8 wixui-rich-text__text\" style=\"text-align: justify;\"><span class=\"wixui-rich-text__text\"><span class=\"wixGuard wixui-rich-text__text\"><\/span><\/span><span class=\"wixui-rich-text__text\">Eines der ersten Produkte, das von unserer Zucht vermarktet wurde, war die Stute Wandonga, die im Alter von 7 Jahren verkauft wurde und danach mit dem Reiter Cameron Hanley und Mandy Portner auf h\u00f6chstem Niveau lief.<br \/>\nDie Stute Wandonga brachte uns ein erstes Produkt von TE de Karacondo BE (Lys de Darmen).<br \/>\nDer Nachkomme ist der in der Schweiz gek\u00f6rte Hengst Kenzo du Cerisier, der mit meiner Tochter Estelle an der Schweizer Promotion f\u00fcr 4- und 5-J\u00e4hrige teilgenommen hat und sp\u00e4ter an eine Amateurreiterin verkauft wurde.<br \/>\nKenzo du Cerisier ist der Vater der Stute Kenza du Cerisier, die mit Sarah das Finale der Schweizer Meisterschaft f\u00fcr 6-J\u00e4hrige gewann.   <\/span><\/p>\n<p class=\"font_8 wixui-rich-text__text\" style=\"text-align: justify;\"><span class=\"wixui-rich-text__text\">Wir haben dann Loyalty du Cerisier (Burgraaf\/Erdballxx) gek\u00f6rt, der im Alter von 6 Jahren nach Frankreich verkauft wurde.<br \/>\nLoyalty du Cerisier ist der Vater der Stute <span> <\/span><a href=\"https:\/\/www.harasducerisier.com\/de\/diva-du-cerisier\/\"><a href=\"https:\/\/www.harasducerisier.com\/de\/diva-du-cerisier\/\">Diva du Cerisier<\/a><\/a><span> <\/span>die auf der Ebene 1,45m\/1,50m mit Daniela drehte.<br \/>\nDie Mutter von <span> <\/span>Diva du Cerisier ist Donna du Cerisier (Dorian Hannover \/ Domspatz Hannover), die uns auch den Hengst Idyl du Cerisier (Ishan du Cerisier) brachte, der mit Daniela auf 1,50m-Niveau gelaufen ist.<\/span><\/p>\n<p><span class=\"wixui-rich-text__text\">Im Jahr 2014 verkauften wir die Anlage, um die Zucht in Frankreich fortzusetzen.<br \/>\nDie Zucht ist derzeit in der Bretagne und der Normandie angesiedelt. <\/span><\/p>\n<p>[\/et_pb_text][et_pb_image src=&#8220;https:\/\/www.harasducerisier.com\/wp-content\/uploads\/2024\/05\/Diva-du-cerisier.webp&#8220; title_text=&#8220;Kirschbl\u00fcten-Diva&#8220; url=&#8220;https:\/\/www.harasducerisier.com\/de\/diva-du-cerisier\/&#8220; align=&#8220;center&#8220; _builder_version=&#8220;4.25.1&#8243; _module_preset=&#8220;default&#8220; global_colors_info=&#8220;{}&#8220;][\/et_pb_image][\/et_pb_column][\/et_pb_row][\/et_pb_section][et_pb_section fb_built=&#8220;1&#8243; admin_label=&#8220;Listings&#8220; _builder_version=&#8220;4.25.1&#8243; background_color=&#8220;#002042&#8243; custom_margin=&#8220;2px|||||&#8220; custom_padding=&#8220;80px||0||false|false&#8220; animation_style=&#8220;fade&#8220; animation_delay=&#8220;200ms&#8220; global_colors_info=&#8220;{}&#8220;][et_pb_row _builder_version=&#8220;4.25.1&#8243; _module_preset=&#8220;default&#8220; global_colors_info=&#8220;{}&#8220;][et_pb_column type=&#8220;4_4&#8243; _builder_version=&#8220;4.25.1&#8243; _module_preset=&#8220;default&#8220; global_colors_info=&#8220;{}&#8220;][et_pb_text _builder_version=&#8220;4.25.1&#8243; _module_preset=&#8220;default&#8220; text_text_color=&#8220;#FFFFFF&#8220; header_text_color=&#8220;#FFFFFF&#8220; global_colors_info=&#8220;{}&#8220;]<\/p>\n<h2 style=\"text-align: center;\"><span style=\"color: #ffffff;\">UNSERE ZUCHTPFERDE<\/span><\/h2>\n<p>[\/et_pb_text][\/et_pb_column][\/et_pb_row][et_pb_row column_structure=&#8220;1_2,1_2&#8243; _builder_version=&#8220;4.25.1&#8243; _module_preset=&#8220;default&#8220; global_colors_info=&#8220;{}&#8220;][et_pb_column type=&#8220;1_2&#8243; _builder_version=&#8220;4.25.1&#8243; _module_preset=&#8220;default&#8220; border_width_right=&#8220;1px&#8220; global_colors_info=&#8220;{}&#8220;][et_pb_text _builder_version=&#8220;4.25.1&#8243; _module_preset=&#8220;default&#8220; text_text_color=&#8220;#FFFFFF&#8220; hover_enabled=&#8220;0&#8243; global_colors_info=&#8220;{}&#8220; sticky_enabled=&#8220;0&#8243;]<\/p>\n<p class=\"font_8 wixui-rich-text__text\" style=\"text-align: justify;\"><strong><span class=\"wixui-rich-text__text\">Die Nachkommen von <a href=\"https:\/\/www.harasducerisier.com\/de\/diva-du-cerisier\/\">Diva du Cerisier<\/a>:<\/span><\/strong><\/p>\n<p class=\"font_8 wixui-rich-text__text\" style=\"text-align: justify;\"><span class=\"wixui-rich-text__text\">&#8211; <strong>(2012) Scarlette du Cerisier<\/strong><br \/>Stute von Ishan du Cerisier in der Schweiz verkauft<br \/><\/span><span class=\"wixui-rich-text__text\">&#8211; <strong>(2014) Eclat du Cerisier<\/strong><br \/>Hengst von Kannan verkauft 2021 an Rodrigo Pessoa<br \/><\/span><span class=\"wixui-rich-text__text\">&#8211; <strong>(2015) <a href=\"https:\/\/www.harasducerisier.com\/de\/fokus-kirschbaum\/\">Fokus du Cerisier<\/a><\/strong><br \/>Hongre von Kannan derzeit bei St\u00e9phane Dufour<br \/><\/span><span class=\"wixui-rich-text__text\">&#8211; <strong>(2017) <a href=\"https:\/\/www.harasducerisier.com\/de\/horizont-von-kirschbaum\/\">Horizon du Cerisier<\/a><\/strong><br \/>Hengst von Kannan derzeit bei Stephane Dufour<br \/><\/span><span class=\"wixui-rich-text__text\">&#8211; <strong>(2018) <a href=\"https:\/\/www.harasducerisier.com\/de\/intuition-des-kirschbaums\/\">Intuition du Cerisier<\/a><\/strong><br \/>Stute von Contendro<br \/><\/span><span class=\"wixui-rich-text__text\"><strong>&#8211; (2019)<span>\u00a0<\/span><a href=\"https:\/\/www.harasducerisier.com\/joker-du-cerisier\/\">Joker du Cerisier<\/a><\/strong><br \/>Hengst von Dollar du Rouet derzeit bei Stephane Dufour<br class=\"wixui-rich-text__text\" \/><strong>&#8211; (2021)<span>\u00a0<\/span><a href=\"https:\/\/www.harasducerisier.com\/lamour-du-cerisier\/\">L\u2019amour du Cerisier<\/a><\/strong><br \/>Stute von Chacco White\u00a0<br class=\"wixui-rich-text__text\" \/><strong>&#8211; (2022) MadMax du Cerisier<\/strong><br \/>Hengst von par Mylord Carthago<br class=\"wixui-rich-text__text\" \/><strong>&#8211; (2023) Newton du Cerisier<\/strong><br \/>Hengst von Kannan<br \/><\/span><span class=\"wixui-rich-text__text\"><strong>&#8211; (2023) Noum\u00e9a du Cerisier<\/strong><br \/>Stute von Diamant de Semilly<\/span><\/p>\n<p>[\/et_pb_text][\/et_pb_column][et_pb_column type=&#8220;1_2&#8243; _builder_version=&#8220;4.25.1&#8243; _module_preset=&#8220;default&#8220; global_colors_info=&#8220;{}&#8220;][et_pb_text _builder_version=&#8220;4.25.1&#8243; _module_preset=&#8220;default&#8220; text_text_color=&#8220;#FFFFFF&#8220; locked=&#8220;off&#8220; global_colors_info=&#8220;{}&#8220;]<\/p>\n<p class=\"font_8 wixui-rich-text__text\" style=\"text-align: justify;\"><strong>Unsere anderen Pferde :<\/strong><\/p>\n<p class=\"font_8 wixui-rich-text__text\" style=\"text-align: justify;\"><span class=\"wixui-rich-text__text\"><\/span><span class=\"wixui-rich-text__text\"><strong><span>(2020) Kador du Cerisier<br \/><\/span><\/strong>Hengst von Brantzau x Chacco Blue x Apache d&#8217;Adriers<br \/><\/span><span class=\"wixui-rich-text__text\">&#8211;<strong>(2021) <span><a href=\"https:\/\/www.harasducerisier.com\/de\/kahot-lumberjack\/\">Lumberjack de Kahot<\/a><br \/><\/span><\/strong>M\u00e4nnlich von Quaprice Bois Margot x Voltaire x Rigoletto<br \/><\/span><span class=\"wixui-rich-text__text\">&#8211; <span><strong>(2023) Noum\u00e9a du Cerisier <\/strong><br \/><\/span>Stute von  <span>Diamant de Semilly.<br \/>\nSeine Mutter Intuition du Cerisier ist die Schwester uterine der SF-Hengste Eclat du Cerisier und Horizon du Cerisier. <\/span><br \/><\/span><span class=\"wixui-rich-text__text\">&#8211; <strong>(2023) <span>Ninja du Cerisier<br \/><\/span><\/strong>Stute von Cristallo l x Untouchable.<br \/>\nMutterlinie Stamm 7709. <br \/><\/span><span class=\"wixui-rich-text__text\">&#8211; <strong> <span>(2024) Ohlala du Cerisier<br \/><\/span><\/strong>Hengstfohlen von Huricane de Champloue x Intuition du Cerisier von Contendro<br \/><strong>&#8211; <span>(2024) Odin du Cer<\/span><\/strong>isier<strong> <span><br \/> Hengstfohlen von Hitchcock BM x L&#8217;Amour du Cerisier von Chacco White<\/span><\/strong><br \/><strong>&#8211; <span>(2024) Oxalis de Vinci<br \/><\/span><\/strong>Hengstfohlen von Jet des For\u00eat x Taelis Normande von Quite Easy<br \/><\/span><span class=\"wixui-rich-text__text\"><\/span><span class=\"wixui-rich-text__text\"><\/span><\/p>\n<p>[\/et_pb_text][\/et_pb_column][\/et_pb_row][\/et_pb_section][et_pb_section fb_built=&#8220;1&#8243; _builder_version=&#8220;4.25.1&#8243; _module_preset=&#8220;default&#8220; global_colors_info=&#8220;{}&#8220;][et_pb_row column_structure=&#8220;1_4,1_4,1_4,1_4&#8243; _builder_version=&#8220;4.25.1&#8243; _module_preset=&#8220;default&#8220; global_colors_info=&#8220;{}&#8220;][et_pb_column type=&#8220;1_4&#8243; _builder_version=&#8220;4.25.1&#8243; _module_preset=&#8220;default&#8220; global_colors_info=&#8220;{}&#8220;][et_pb_blurb title=&#8220;Odin du Cerisier&#8220; image=&#8220;https:\/\/www.harasducerisier.com\/wp-content\/uploads\/2024\/09\/DSC_8390.jpg&#8220; _builder_version=&#8220;4.25.1&#8243; header_font=&#8220;Oswald|||on|||||&#8220; header_font_size=&#8220;16px&#8220; header_letter_spacing=&#8220;2px&#8220; header_line_height=&#8220;1.7em&#8220; body_font=&#8220;Lora||||||||&#8220; body_font_size=&#8220;16px&#8220; body_line_height=&#8220;1.9em&#8220; text_orientation=&#8220;center&#8220; animation_style=&#8220;fade&#8220; animation=&#8220;off&#8220; border_radii_image=&#8220;on|8px|8px|8px|8px&#8220; box_shadow_style_image=&#8220;preset3&#8243; box_shadow_vertical_image=&#8220;40px&#8220; box_shadow_blur_image=&#8220;60px&#8220; box_shadow_spread_image=&#8220;-35px&#8220; locked=&#8220;off&#8220; global_colors_info=&#8220;{}&#8220;]<\/p>\n<p>Hitchcock BM<br \/>x Chacco White<\/p>\n<p>[\/et_pb_blurb][\/et_pb_column][et_pb_column type=&#8220;1_4&#8243; _builder_version=&#8220;4.25.1&#8243; _module_preset=&#8220;default&#8220; global_colors_info=&#8220;{}&#8220;][et_pb_blurb title=&#8220;Ohlala du Cerisier&#8220; image=&#8220;https:\/\/www.harasducerisier.com\/wp-content\/uploads\/2024\/07\/DSC_4523.jpg&#8220; _builder_version=&#8220;4.25.1&#8243; header_font=&#8220;Oswald|||on|||||&#8220; header_font_size=&#8220;16px&#8220; header_letter_spacing=&#8220;2px&#8220; header_line_height=&#8220;1.7em&#8220; body_font=&#8220;Lora||||||||&#8220; body_font_size=&#8220;16px&#8220; body_line_height=&#8220;1.9em&#8220; text_orientation=&#8220;center&#8220; animation_style=&#8220;fade&#8220; animation=&#8220;off&#8220; border_radii_image=&#8220;on|8px|8px|8px|8px&#8220; box_shadow_style_image=&#8220;preset3&#8243; box_shadow_vertical_image=&#8220;40px&#8220; box_shadow_blur_image=&#8220;60px&#8220; box_shadow_spread_image=&#8220;-35px&#8220; locked=&#8220;off&#8220; global_colors_info=&#8220;{}&#8220;]<\/p>\n<p>Huricane de Champloue<br \/>x Loyalty du Cerisier<\/p>\n<p>[\/et_pb_blurb][\/et_pb_column][et_pb_column type=&#8220;1_4&#8243; _builder_version=&#8220;4.25.1&#8243; _module_preset=&#8220;default&#8220; global_colors_info=&#8220;{}&#8220;][et_pb_blurb title=&#8220;Oxalis da Vinci&#8220; image=&#8220;https:\/\/www.harasducerisier.com\/wp-content\/uploads\/2024\/09\/oxalis.jpg&#8220; _builder_version=&#8220;4.25.1&#8243; header_font=&#8220;Oswald|||on|||||&#8220; header_font_size=&#8220;16px&#8220; header_letter_spacing=&#8220;2px&#8220; header_line_height=&#8220;1.7em&#8220; body_font=&#8220;Lora||||||||&#8220; body_font_size=&#8220;16px&#8220; body_line_height=&#8220;1.9em&#8220; text_orientation=&#8220;center&#8220; animation_style=&#8220;fade&#8220; animation=&#8220;off&#8220; border_radii_image=&#8220;on|8px|8px|8px|8px&#8220; box_shadow_style_image=&#8220;preset3&#8243; box_shadow_vertical_image=&#8220;40px&#8220; box_shadow_blur_image=&#8220;60px&#8220; box_shadow_spread_image=&#8220;-35px&#8220; locked=&#8220;off&#8220; global_colors_info=&#8220;{}&#8220;]<\/p>\n<p>Jet des For\u00eat<br \/>x Quite Easy<\/p>\n<p>[\/et_pb_blurb][\/et_pb_column][et_pb_column type=&#8220;1_4&#8243; _builder_version=&#8220;4.25.1&#8243; _module_preset=&#8220;default&#8220; global_colors_info=&#8220;{}&#8220;][et_pb_blurb title=&#8220;Noumea du Cerisier&#8220; image=&#8220;https:\/\/www.harasducerisier.com\/wp-content\/uploads\/2024\/05\/DSC_7198.jpg&#8220; _builder_version=&#8220;4.25.1&#8243; header_font=&#8220;Oswald|||on|||||&#8220; header_font_size=&#8220;16px&#8220; header_letter_spacing=&#8220;2px&#8220; header_line_height=&#8220;1.7em&#8220; body_font=&#8220;Lora||||||||&#8220; body_font_size=&#8220;16px&#8220; body_line_height=&#8220;1.9em&#8220; text_orientation=&#8220;center&#8220; animation_style=&#8220;fade&#8220; animation=&#8220;off&#8220; border_radii_image=&#8220;on|8px|8px|8px|8px&#8220; box_shadow_style_image=&#8220;preset3&#8243; box_shadow_vertical_image=&#8220;40px&#8220; box_shadow_blur_image=&#8220;60px&#8220; box_shadow_spread_image=&#8220;-35px&#8220; locked=&#8220;off&#8220; global_colors_info=&#8220;{}&#8220;]<\/p>\n<p>Diamant de Semilly<br \/>x Loyalty du Cerisier<\/p>\n<p>[\/et_pb_blurb][\/et_pb_column][\/et_pb_row][et_pb_row column_structure=&#8220;1_4,1_4,1_4,1_4&#8243; _builder_version=&#8220;4.25.1&#8243; _module_preset=&#8220;default&#8220; global_colors_info=&#8220;{}&#8220;][et_pb_column type=&#8220;1_4&#8243; _builder_version=&#8220;4.25.1&#8243; _module_preset=&#8220;default&#8220; global_colors_info=&#8220;{}&#8220;][et_pb_blurb title=&#8220;Ninja des Kirschbaums&#8220; image=&#8220;https:\/\/www.harasducerisier.com\/wp-content\/uploads\/2024\/07\/DSC_4602.jpg&#8220; _builder_version=&#8220;4.25.1&#8243; header_font=&#8220;Oswald|||on|||||&#8220; header_font_size=&#8220;16px&#8220; header_letter_spacing=&#8220;2px&#8220; header_line_height=&#8220;1.7em&#8220; body_font=&#8220;Lora||||||||&#8220; body_font_size=&#8220;16px&#8220; body_line_height=&#8220;1.9em&#8220; text_orientation=&#8220;center&#8220; animation_style=&#8220;fade&#8220; animation=&#8220;off&#8220; border_radii_image=&#8220;on|8px|8px|8px|8px&#8220; box_shadow_style_image=&#8220;preset3&#8243; box_shadow_vertical_image=&#8220;40px&#8220; box_shadow_blur_image=&#8220;60px&#8220; box_shadow_spread_image=&#8220;-35px&#8220; locked=&#8220;off&#8220; global_colors_info=&#8220;{}&#8220;]<\/p>\n<p>Cristallo I<br \/>x Untouchable<\/p>\n<p>[\/et_pb_blurb][\/et_pb_column][et_pb_column type=&#8220;1_4&#8243; _builder_version=&#8220;4.25.1&#8243; _module_preset=&#8220;default&#8220; global_colors_info=&#8220;{}&#8220;][et_pb_blurb title=&#8220;Newton du Cerisier&#8220; image=&#8220;https:\/\/www.harasducerisier.com\/wp-content\/uploads\/2024\/07\/DSC_4793.jpg&#8220; _builder_version=&#8220;4.25.1&#8243; header_font=&#8220;Oswald|||on|||||&#8220; header_font_size=&#8220;16px&#8220; header_letter_spacing=&#8220;2px&#8220; header_line_height=&#8220;1.7em&#8220; body_font=&#8220;Lora||||||||&#8220; body_font_size=&#8220;16px&#8220; body_line_height=&#8220;1.9em&#8220; text_orientation=&#8220;center&#8220; animation_style=&#8220;fade&#8220; animation=&#8220;off&#8220; border_radii_image=&#8220;on|8px|8px|8px|8px&#8220; box_shadow_style_image=&#8220;preset3&#8243; box_shadow_vertical_image=&#8220;40px&#8220; box_shadow_blur_image=&#8220;60px&#8220; box_shadow_spread_image=&#8220;-35px&#8220; locked=&#8220;off&#8220; global_colors_info=&#8220;{}&#8220;]<\/p>\n<p>Kannan<br \/>x Loyalty du Cerisier<\/p>\n<p>[\/et_pb_blurb][\/et_pb_column][et_pb_column type=&#8220;1_4&#8243; _builder_version=&#8220;4.25.1&#8243; _module_preset=&#8220;default&#8220; global_colors_info=&#8220;{}&#8220;][et_pb_blurb title=&#8220;Die Liebe zum Kirschbaum&#8220; image=&#8220;https:\/\/www.harasducerisier.com\/wp-content\/uploads\/2024\/07\/DSC_4411.jpg&#8220; _builder_version=&#8220;4.25.1&#8243; header_font=&#8220;Oswald|||on|||||&#8220; header_font_size=&#8220;16px&#8220; header_letter_spacing=&#8220;2px&#8220; header_line_height=&#8220;1.7em&#8220; body_font=&#8220;Lora||||||||&#8220; body_font_size=&#8220;16px&#8220; body_line_height=&#8220;1.9em&#8220; text_orientation=&#8220;center&#8220; animation_style=&#8220;fade&#8220; animation=&#8220;off&#8220; border_radii_image=&#8220;on|8px|8px|8px|8px&#8220; box_shadow_style_image=&#8220;preset3&#8243; box_shadow_vertical_image=&#8220;40px&#8220; box_shadow_blur_image=&#8220;60px&#8220; box_shadow_spread_image=&#8220;-35px&#8220; locked=&#8220;off&#8220; global_colors_info=&#8220;{}&#8220;]<\/p>\n<p>Chacco White<br \/>x Loyalty du Cerisier<\/p>\n<p>[\/et_pb_blurb][\/et_pb_column][et_pb_column type=&#8220;1_4&#8243; _builder_version=&#8220;4.25.1&#8243; _module_preset=&#8220;default&#8220; global_colors_info=&#8220;{}&#8220;][et_pb_blurb title=&#8220;Madmax du Cerisier&#8220; image=&#8220;https:\/\/www.harasducerisier.com\/wp-content\/uploads\/2024\/07\/DSC_4725.jpg&#8220; _builder_version=&#8220;4.25.1&#8243; header_font=&#8220;Oswald|||on|||||&#8220; header_font_size=&#8220;16px&#8220; header_letter_spacing=&#8220;2px&#8220; header_line_height=&#8220;1.7em&#8220; body_font=&#8220;Lora||||||||&#8220; body_font_size=&#8220;16px&#8220; body_line_height=&#8220;1.9em&#8220; text_orientation=&#8220;center&#8220; animation_style=&#8220;fade&#8220; animation=&#8220;off&#8220; border_radii_image=&#8220;on|8px|8px|8px|8px&#8220; box_shadow_style_image=&#8220;preset3&#8243; box_shadow_vertical_image=&#8220;40px&#8220; box_shadow_blur_image=&#8220;60px&#8220; box_shadow_spread_image=&#8220;-35px&#8220; locked=&#8220;off&#8220; global_colors_info=&#8220;{}&#8220;]<\/p>\n<p>Mylord Carthago<br \/>x Loyalty du Cerisier<\/p>\n<p>[\/et_pb_blurb][\/et_pb_column][\/et_pb_row][et_pb_row column_structure=&#8220;1_2,1_2&#8243; _builder_version=&#8220;4.25.1&#8243; _module_preset=&#8220;default&#8220; global_colors_info=&#8220;{}&#8220;][et_pb_column type=&#8220;1_2&#8243; _builder_version=&#8220;4.25.1&#8243; _module_preset=&#8220;default&#8220; global_colors_info=&#8220;{}&#8220;][et_pb_video src=&#8220;https:\/\/www.harasducerisier.com\/wp-content\/uploads\/2024\/07\/Poulains-3.m4v&#8220; _builder_version=&#8220;4.25.1&#8243; _module_preset=&#8220;default&#8220; global_colors_info=&#8220;{}&#8220;][\/et_pb_video][et_pb_text _builder_version=&#8220;4.25.1&#8243; _module_preset=&#8220;default&#8220; global_colors_info=&#8220;{}&#8220;]<\/p>\n<p style=\"text-align: center;\"><strong>Ohlala du Cerisier<\/strong><br \/>(Huricane de Champloue x Contendro)<\/p>\n<p>[\/et_pb_text][\/et_pb_column][et_pb_column type=&#8220;1_2&#8243; _builder_version=&#8220;4.25.1&#8243; _module_preset=&#8220;default&#8220; global_colors_info=&#8220;{}&#8220;][et_pb_video src=&#8220;https:\/\/www.harasducerisier.com\/wp-content\/uploads\/2024\/07\/Poulains-1.m4v&#8220; _builder_version=&#8220;4.25.1&#8243; _module_preset=&#8220;default&#8220; locked=&#8220;off&#8220; global_colors_info=&#8220;{}&#8220;][\/et_pb_video][et_pb_text _builder_version=&#8220;4.25.1&#8243; _module_preset=&#8220;default&#8220; locked=&#8220;off&#8220; global_colors_info=&#8220;{}&#8220;]<\/p>\n<p style=\"text-align: center;\"><strong>Odin du Cerisier<\/strong><br \/>(Hitchcock BM x Chacco White)<\/p>\n<p>[\/et_pb_text][\/et_pb_column][\/et_pb_row][\/et_pb_section]<\/p>\n","protected":false},"excerpt":{"rendered":"<p>Die Zucht und der Stall von Le Cerisier wurden 1988 von Dominique und Daniel Chiecchi in der Schweiz, in La Chaux-de-Fonds, auf 1000 m H\u00f6he gegr\u00fcndet. Wir haben zur gleichen Zeit alle Einrichtungen geschaffen: Haus, Stall, Reithalle und Au\u00dfenreitplatz auf einem 18 Hektar gro\u00dfen Grundst\u00fcck. Unsere drei T\u00f6chter, Sarah, Estelle und Daniela, waren alle von [&hellip;]<\/p>\n","protected":false},"author":1,"featured_media":0,"parent":0,"menu_order":0,"comment_status":"closed","ping_status":"closed","template":"","meta":{"_et_pb_use_builder":"on","_et_pb_old_content":"","_et_gb_content_width":"","footnotes":""},"class_list":["post-1071","page","type-page","status-publish","hentry"],"_links":{"self":[{"href":"https:\/\/www.harasducerisier.com\/de\/wp-json\/wp\/v2\/pages\/1071","targetHints":{"allow":["GET"]}}],"collection":[{"href":"https:\/\/www.harasducerisier.com\/de\/wp-json\/wp\/v2\/pages"}],"about":[{"href":"https:\/\/www.harasducerisier.com\/de\/wp-json\/wp\/v2\/types\/page"}],"author":[{"embeddable":true,"href":"https:\/\/www.harasducerisier.com\/de\/wp-json\/wp\/v2\/users\/1"}],"replies":[{"embeddable":true,"href":"https:\/\/www.harasducerisier.com\/de\/wp-json\/wp\/v2\/comments?post=1071"}],"version-history":[{"count":7,"href":"https:\/\/www.harasducerisier.com\/de\/wp-json\/wp\/v2\/pages\/1071\/revisions"}],"predecessor-version":[{"id":1151,"href":"https:\/\/www.harasducerisier.com\/de\/wp-json\/wp\/v2\/pages\/1071\/revisions\/1151"}],"wp:attachment":[{"href":"https:\/\/www.harasducerisier.com\/de\/wp-json\/wp\/v2\/media?parent=1071"}],"curies":[{"name":"wp","href":"https:\/\/api.w.org\/{rel}","templated":true}]}}