{"id":913,"date":"2024-05-13T10:12:02","date_gmt":"2024-05-13T08:12:02","guid":{"rendered":"https:\/\/www.harasducerisier.com\/startseite\/"},"modified":"2025-01-07T20:41:03","modified_gmt":"2025-01-07T19:41:03","slug":"startseite","status":"publish","type":"page","link":"https:\/\/www.harasducerisier.com\/de\/","title":{"rendered":"Startseite"},"content":{"rendered":"<p>[et_pb_section fb_built=&#8220;1&#8243; _builder_version=&#8220;4.25.1&#8243; _module_preset=&#8220;default&#8220; background_image=&#8220;https:\/\/www.harasducerisier.com\/wp-content\/uploads\/2024\/05\/eclatducerisier.webp&#8220; custom_padding=&#8220;||587px|||&#8220; background_last_edited=&#8220;on|phone&#8220; background_size_phone=&#8220;custom&#8220; background_position_phone=&#8220;top_right&#8220; background_horizontal_offset_phone=&#8220;20%&#8220; global_colors_info=&#8220;{}&#8220;][et_pb_row column_structure=&#8220;1_3,2_3&#8243; _builder_version=&#8220;4.25.1&#8243; _module_preset=&#8220;default&#8220; global_colors_info=&#8220;{}&#8220;][et_pb_column type=&#8220;1_3&#8243; _builder_version=&#8220;4.25.1&#8243; _module_preset=&#8220;default&#8220; background_color=&#8220;rgba(255,255,255,0.7)&#8220; custom_padding=&#8220;||10px|10px|false|false&#8220; global_colors_info=&#8220;{}&#8220;][et_pb_text _builder_version=&#8220;4.25.1&#8243; _module_preset=&#8220;default&#8220; text_text_color=&#8220;#00457A&#8220; text_font_size=&#8220;31px&#8220; text_line_height=&#8220;1.9em&#8220; header_text_color=&#8220;#00457A&#8220; header_font_size=&#8220;31px&#8220; background_enable_color=&#8220;off&#8220; custom_margin=&#8220;||-1px|||&#8220; global_colors_info=&#8220;{}&#8220;]<\/p>\n<p>HARAS DU CERISIER<\/p>\n<p>[\/et_pb_text][et_pb_text _builder_version=&#8220;4.25.1&#8243; _module_preset=&#8220;default&#8220; text_text_color=&#8220;#00457A&#8220; text_font_size=&#8220;18px&#8220; background_enable_color=&#8220;off&#8220; global_colors_info=&#8220;{}&#8220;]<\/p>\n<p>Vom Fohlen zum Sportpferd<\/p>\n<p>[\/et_pb_text][\/et_pb_column][et_pb_column type=&#8220;2_3&#8243; _builder_version=&#8220;4.25.1&#8243; _module_preset=&#8220;default&#8220; global_colors_info=&#8220;{}&#8220;][\/et_pb_column][\/et_pb_row][\/et_pb_section][et_pb_section fb_built=&#8220;1&#8243; admin_label=&#8220;About Section&#8220; _builder_version=&#8220;4.16&#8243; background_color=&#8220;#ffffff&#8220; custom_margin=&#8220;0px|||||&#8220; custom_padding=&#8220;2px|0px|2px|0px|true|false&#8220; global_colors_info=&#8220;{}&#8220;][et_pb_row _builder_version=&#8220;4.25.1&#8243; _module_preset=&#8220;default&#8220; global_colors_info=&#8220;{}&#8220;][et_pb_column type=&#8220;4_4&#8243; _builder_version=&#8220;4.25.1&#8243; _module_preset=&#8220;default&#8220; global_colors_info=&#8220;{}&#8220;][et_pb_text _builder_version=&#8220;4.25.1&#8243; _module_preset=&#8220;default&#8220; custom_margin=&#8220;||0px||false|false&#8220; custom_padding=&#8220;10px||16px||false|false&#8220; hover_enabled=&#8220;0&#8243; border_width_top=&#8220;1px&#8220; border_color_top=&#8220;#002042&#8243; border_width_bottom=&#8220;1px&#8220; border_color_bottom=&#8220;#002042&#8243; global_colors_info=&#8220;{}&#8220; sticky_enabled=&#8220;0&#8243;]<\/p>\n<p class=\"font_8 wixui-rich-text__text\" style=\"text-align: center;\"><strong><span class=\"wixui-rich-text__text\">HISTORIE<\/span><\/strong><\/p>\n<p class=\"font_8 wixui-rich-text__text\" style=\"text-align: center;\"><span>Der Zucht- und Sportstall Haras du Cerisier wurde 1988 von Dominique und Daniel Chiecchi in der Schweiz, in La Chaux-de-Fonds, auf 1000 m H\u00f6he, gegr\u00fcndet.<\/span><br class=\"wixui-rich-text__text\" \/><span class=\"wixui-rich-text__text\"><\/span><\/p>\n<p class=\"font_8 wixui-rich-text__text\" style=\"text-align: center;\"><span class=\"wixui-rich-text__text\">Alle Einrichtungen wurden zur gleichen Zeit geschaffen: Haus, Stall, Reithalle und Au\u00dfenreitplatz auf einem 18 Hektar gro\u00dfen Gel\u00e4nde. <\/span><span class=\"wixui-rich-text__text\"><span class=\"wixGuard wixui-rich-text__text\"><\/span><span class=\"wixui-rich-text__text\">Unsere drei T\u00f6chter, Sarah, Estelle und Daniela, <\/span><\/span>waren von klein auf von Pferden fasziniert und alle drei sind in der Disziplin Springen im Schweizer Nationalteam geritten.<\/p>\n<p class=\"font_8 wixui-rich-text__text\" style=\"text-align: center;\"><span class=\"wixui-rich-text__text\"><span class=\"wixGuard wixui-rich-text__text\"><\/span><\/span><span class=\"wixui-rich-text__text\">Im Jahr 2014 verkauften wir die Anlage, um die Zucht in Frankreich fortzusetzen.<br \/>Derzeit ist die Zucht in der Bretagne mit der Stute Diva du Cerisier von Loyalty du Cerisier <\/span>ans\u00e4ssig. Im Alter von drei Jahren gehen unsere Pferde in den Sportstall von St\u00e9phane Dufour (in der N\u00e4he von St. L\u00f4), um dort ausgebildet, weiter gef\u00f6rdert oder vermarktet zu werden.<\/p>\n<div><\/div>\n<p>[\/et_pb_text][\/et_pb_column][\/et_pb_row][\/et_pb_section][et_pb_section fb_built=&#8220;1&#8243; specialty=&#8220;on&#8220; admin_label=&#8220;Featured&#8220; _builder_version=&#8220;4.25.1&#8243; use_background_color_gradient=&#8220;on&#8220; background_color_gradient_stops=&#8220;#ffffff 0%|rgba(255,255,255,0) 100%&#8220; background_color_gradient_overlays_image=&#8220;on&#8220; background_color_gradient_start=&#8220;#ffffff&#8220; background_color_gradient_end=&#8220;rgba(255,255,255,0)&#8220; background_image=&#8220;https:\/\/www.harasducerisier.com\/wp-content\/uploads\/2024\/05\/horizonducerisier3-copie.jpg&#8220; custom_padding=&#8220;0|0px|400px|0px|false|false&#8220; bottom_divider_style=&#8220;ramp&#8220; bottom_divider_color=&#8220;#002042&#8243; global_colors_info=&#8220;{}&#8220;][et_pb_column type=&#8220;1_2&#8243; specialty_columns=&#8220;2&#8243; _builder_version=&#8220;4.16&#8243; custom_padding=&#8220;|||&#8220; global_colors_info=&#8220;{}&#8220; custom_padding__hover=&#8220;|||&#8220;][et_pb_row_inner _builder_version=&#8220;4.16&#8243; background_color=&#8220;#ffffff&#8220; custom_padding=&#8220;40px|40px|0|40px|false|false&#8220; border_radii=&#8220;on|8px|8px|8px|8px&#8220; box_shadow_style=&#8220;preset3&#8243; box_shadow_vertical=&#8220;110px&#8220; box_shadow_blur=&#8220;80px&#8220; box_shadow_spread=&#8220;-80px&#8220; box_shadow_color=&#8220;rgba(0,0,0,0.12)&#8220; global_colors_info=&#8220;{}&#8220;][et_pb_column_inner saved_specialty_column_type=&#8220;1_2&#8243; _builder_version=&#8220;4.16&#8243; custom_padding=&#8220;|||&#8220; global_colors_info=&#8220;{}&#8220; custom_padding__hover=&#8220;|||&#8220;][et_pb_text _builder_version=&#8220;4.25.1&#8243; text_font=&#8220;Lora||||||||&#8220; text_font_size=&#8220;18px&#8220; text_line_height=&#8220;2em&#8220; link_font=&#8220;||||||||&#8220; ul_font=&#8220;||||||||&#8220; ol_font=&#8220;||||||||&#8220; quote_font=&#8220;||||||||&#8220; header_font=&#8220;||||||||&#8220; header_2_font=&#8220;||||||||&#8220; header_3_font=&#8220;Oswald|||on|||||&#8220; header_3_font_size=&#8220;20px&#8220; header_3_letter_spacing=&#8220;3px&#8220; header_3_line_height=&#8220;1.5em&#8220; header_4_font=&#8220;||||||||&#8220; max_width=&#8220;600px&#8220; text_line_height_last_edited=&#8220;off|desktop&#8220; global_colors_info=&#8220;{}&#8220;]<\/p>\n<h3>Unsere Sportpferde<\/h3>\n<p>[\/et_pb_text][et_pb_blurb title=&#8220;Focus du Cerisier&#8220; image=&#8220;https:\/\/www.harasducerisier.com\/wp-content\/uploads\/2024\/05\/focusducerisier.webp&#8220; icon_placement=&#8220;left&#8220; image_icon_width=&#8220;90px&#8220; _builder_version=&#8220;4.25.1&#8243; header_font=&#8220;Oswald|||on|||||&#8220; header_font_size=&#8220;16px&#8220; header_letter_spacing=&#8220;2px&#8220; header_line_height=&#8220;1.7em&#8220; body_font=&#8220;Lora||||||||&#8220; body_font_size=&#8220;16px&#8220; body_line_height=&#8220;2em&#8220; custom_margin=&#8220;40px||40px||true&#8220; border_radii_image=&#8220;on|8px|8px|8px|8px&#8220; image_max_width=&#8220;90px&#8220; global_colors_info=&#8220;{}&#8220;]<\/p>\n<p>Kannan x Loyalty du Cerisier<\/p>\n<p>[\/et_pb_blurb][et_pb_blurb title=&#8220;Horizon du Cerisier&#8220; image=&#8220;https:\/\/www.harasducerisier.com\/wp-content\/uploads\/2024\/05\/horizonducerisier.webp&#8220; icon_placement=&#8220;left&#8220; image_icon_width=&#8220;90px&#8220; _builder_version=&#8220;4.25.1&#8243; header_font=&#8220;Oswald|||on|||||&#8220; header_font_size=&#8220;16px&#8220; header_letter_spacing=&#8220;2px&#8220; header_line_height=&#8220;1.7em&#8220; body_font=&#8220;Lora||||||||&#8220; body_font_size=&#8220;16px&#8220; body_line_height=&#8220;2em&#8220; custom_margin=&#8220;40px||40px||true&#8220; border_radii_image=&#8220;on|8px|8px|8px|8px&#8220; image_max_width=&#8220;90px&#8220; global_colors_info=&#8220;{}&#8220;]<\/p>\n<p>Kannan x Loyalty du Cerisier<\/p>\n<p>[\/et_pb_blurb][et_pb_blurb title=&#8220;Joker du Cerisier&#8220; image=&#8220;https:\/\/www.harasducerisier.com\/wp-content\/uploads\/2024\/05\/jockerducerisier.webp&#8220; icon_placement=&#8220;left&#8220; image_icon_width=&#8220;90px&#8220; _builder_version=&#8220;4.25.1&#8243; header_font=&#8220;Oswald|||on|||||&#8220; header_font_size=&#8220;16px&#8220; header_letter_spacing=&#8220;2px&#8220; header_line_height=&#8220;1.7em&#8220; body_font=&#8220;Lora||||||||&#8220; body_font_size=&#8220;16px&#8220; body_line_height=&#8220;2em&#8220; custom_margin=&#8220;40px||40px||true&#8220; border_radii_image=&#8220;on|8px|8px|8px|8px&#8220; image_max_width=&#8220;90px&#8220; global_colors_info=&#8220;{}&#8220;]<\/p>\n<p>Dollar du Rouet x Loyalty du Cerisier<\/p>\n<p>[\/et_pb_blurb][et_pb_blurb title=&#8220;Kayenne de Riou&#8220; image=&#8220;https:\/\/www.harasducerisier.com\/wp-content\/uploads\/2024\/07\/DSC_4829.jpg&#8220; icon_placement=&#8220;left&#8220; image_icon_width=&#8220;90px&#8220; _builder_version=&#8220;4.25.1&#8243; header_font=&#8220;Oswald|||on|||||&#8220; header_font_size=&#8220;16px&#8220; header_letter_spacing=&#8220;2px&#8220; header_line_height=&#8220;1.7em&#8220; body_font=&#8220;Lora||||||||&#8220; body_font_size=&#8220;16px&#8220; body_line_height=&#8220;2em&#8220; custom_margin=&#8220;40px||40px||true&#8220; border_radii_image=&#8220;on|8px|8px|8px|8px&#8220; image_max_width=&#8220;90px&#8220; global_colors_info=&#8220;{}&#8220;]<\/p>\n<p>Cicave du Talus x Mylord Carthago<\/p>\n<p>[\/et_pb_blurb][et_pb_blurb title=&#8220;KALINKA DE LA LANDE&#8220; image=&#8220;https:\/\/www.harasducerisier.com\/wp-content\/uploads\/2024\/07\/DSC_4862.jpg&#8220; icon_placement=&#8220;left&#8220; image_icon_width=&#8220;90px&#8220; _builder_version=&#8220;4.25.1&#8243; header_font=&#8220;Oswald|||on|||||&#8220; header_font_size=&#8220;16px&#8220; header_letter_spacing=&#8220;2px&#8220; header_line_height=&#8220;1.7em&#8220; body_font=&#8220;Lora||||||||&#8220; body_font_size=&#8220;16px&#8220; body_line_height=&#8220;2em&#8220; custom_margin=&#8220;40px||40px||true&#8220; border_radii_image=&#8220;on|8px|8px|8px|8px&#8220; image_max_width=&#8220;90px&#8220; global_colors_info=&#8220;{}&#8220;]<\/p>\n<p>Contendro x Rock&#8217;n Roll Semilly<\/p>\n<p>[\/et_pb_blurb][\/et_pb_column_inner][\/et_pb_row_inner][\/et_pb_column][et_pb_column type=&#8220;1_2&#8243; _builder_version=&#8220;4.16&#8243; custom_padding=&#8220;|||&#8220; global_colors_info=&#8220;{}&#8220; custom_padding__hover=&#8220;|||&#8220;][\/et_pb_column][\/et_pb_section][et_pb_section fb_built=&#8220;1&#8243; _builder_version=&#8220;4.25.1&#8243; _module_preset=&#8220;default&#8220; global_colors_info=&#8220;{}&#8220;][et_pb_row _builder_version=&#8220;4.25.1&#8243; _module_preset=&#8220;default&#8220; global_colors_info=&#8220;{}&#8220;][et_pb_column type=&#8220;4_4&#8243; _builder_version=&#8220;4.25.1&#8243; _module_preset=&#8220;default&#8220; global_colors_info=&#8220;{}&#8220;][et_pb_text _builder_version=&#8220;4.25.1&#8243; _module_preset=&#8220;default&#8220; text_text_color=&#8220;#002042&#8243; global_colors_info=&#8220;{}&#8220;]<\/p>\n<h3>Die Nachrichten<\/h3>\n<p>[\/et_pb_text][et_pb_blog fullwidth=&#8220;off&#8220; posts_number=&#8220;3&#8243; _builder_version=&#8220;4.25.1&#8243; _module_preset=&#8220;default&#8220; global_colors_info=&#8220;{}&#8220;][\/et_pb_blog][\/et_pb_column][\/et_pb_row][\/et_pb_section][et_pb_section fb_built=&#8220;1&#8243; admin_label=&#8220;Services Section&#8220; _builder_version=&#8220;4.25.1&#8243; background_color=&#8220;#FFFFFF&#8220; custom_padding=&#8220;7px|0px|7px|0px|true|false&#8220; top_divider_color=&#8220;#002042&#8243; bottom_divider_style=&#8220;slant2&#8243; bottom_divider_color=&#8220;#FFFFFF&#8220; global_colors_info=&#8220;{}&#8220;][et_pb_row _builder_version=&#8220;4.25.1&#8243; border_width_top=&#8220;1px&#8220; border_color_top=&#8220;#002042&#8243; global_colors_info=&#8220;{}&#8220;][et_pb_column type=&#8220;4_4&#8243; _builder_version=&#8220;4.16&#8243; custom_padding=&#8220;|||&#8220; global_colors_info=&#8220;{}&#8220; custom_padding__hover=&#8220;|||&#8220;][et_pb_text _builder_version=&#8220;4.25.1&#8243; _module_preset=&#8220;default&#8220; text_text_color=&#8220;#002042&#8243; global_colors_info=&#8220;{}&#8220;]<\/p>\n<p style=\"text-align: center;\">Eclat du Cerisier und Rodrigo Pessoa &#8211; Sieg GP 1,50m &#8211; 17\/09\/23<\/p>\n<p>[\/et_pb_text][et_pb_video src=&#8220;https:\/\/www.harasducerisier.com\/wp-content\/uploads\/2024\/05\/eclat.mp4&#8243; _builder_version=&#8220;4.25.1&#8243; _module_preset=&#8220;default&#8220; global_colors_info=&#8220;{}&#8220;][\/et_pb_video][\/et_pb_column][\/et_pb_row][\/et_pb_section]<\/p>\n","protected":false},"excerpt":{"rendered":"<p>HARAS DU CERISIERVom Fohlen zum SportpferdHISTORIE Der Zucht- und Sportstall Haras du Cerisier wurde 1988 von Dominique und Daniel Chiecchi in der Schweiz, in La Chaux-de-Fonds, auf 1000 m H\u00f6he, gegr\u00fcndet. Alle Einrichtungen wurden zur gleichen Zeit geschaffen: Haus, Stall, Reithalle und Au\u00dfenreitplatz auf einem 18 Hektar gro\u00dfen Gel\u00e4nde. Unsere drei T\u00f6chter, Sarah, Estelle und [&hellip;]<\/p>\n","protected":false},"author":1,"featured_media":0,"parent":0,"menu_order":0,"comment_status":"closed","ping_status":"closed","template":"","meta":{"_et_pb_use_builder":"on","_et_pb_old_content":"","_et_gb_content_width":"","footnotes":""},"class_list":["post-913","page","type-page","status-publish","hentry"],"_links":{"self":[{"href":"https:\/\/www.harasducerisier.com\/de\/wp-json\/wp\/v2\/pages\/913","targetHints":{"allow":["GET"]}}],"collection":[{"href":"https:\/\/www.harasducerisier.com\/de\/wp-json\/wp\/v2\/pages"}],"about":[{"href":"https:\/\/www.harasducerisier.com\/de\/wp-json\/wp\/v2\/types\/page"}],"author":[{"embeddable":true,"href":"https:\/\/www.harasducerisier.com\/de\/wp-json\/wp\/v2\/users\/1"}],"replies":[{"embeddable":true,"href":"https:\/\/www.harasducerisier.com\/de\/wp-json\/wp\/v2\/comments?post=913"}],"version-history":[{"count":10,"href":"https:\/\/www.harasducerisier.com\/de\/wp-json\/wp\/v2\/pages\/913\/revisions"}],"predecessor-version":[{"id":1155,"href":"https:\/\/www.harasducerisier.com\/de\/wp-json\/wp\/v2\/pages\/913\/revisions\/1155"}],"wp:attachment":[{"href":"https:\/\/www.harasducerisier.com\/de\/wp-json\/wp\/v2\/media?parent=913"}],"curies":[{"name":"wp","href":"https:\/\/api.w.org\/{rel}","templated":true}]}}