{"id":975,"date":"2024-09-10T14:38:48","date_gmt":"2024-09-10T12:38:48","guid":{"rendered":"https:\/\/www.harasducerisier.com\/pferde-zum-verkauf\/"},"modified":"2025-01-07T19:44:15","modified_gmt":"2025-01-07T18:44:15","slug":"verkaufspferde","status":"publish","type":"page","link":"https:\/\/www.harasducerisier.com\/de\/verkaufspferde\/","title":{"rendered":"Verkaufspferde"},"content":{"rendered":"<p>[et_pb_section fb_built=&#8220;1&#8243; fullwidth=&#8220;on&#8220; next_background_color=&#8220;#ffffff&#8220; admin_label=&#8220;Header Section&#8220; _builder_version=&#8220;4.25.1&#8243; background_color=&#8220;#002042&#8243; bottom_divider_style=&#8220;ramp&#8220; bottom_divider_flip=&#8220;horizontal&#8220; global_colors_info=&#8220;{}&#8220;][et_pb_fullwidth_header text_orientation=&#8220;center&#8220; content_max_width=&#8220;640px&#8220; _builder_version=&#8220;4.25.1&#8243; title_font=&#8220;Oswald|||on|||||&#8220; title_font_size=&#8220;20px&#8220; title_letter_spacing=&#8220;3px&#8220; title_line_height=&#8220;1.5em&#8220; content_font=&#8220;Lora||||||||&#8220; content_font_size=&#8220;22px&#8220; content_line_height=&#8220;2em&#8220; subhead_font=&#8220;Lora|700|||||||&#8220; subhead_font_size=&#8220;60px&#8220; subhead_line_height=&#8220;1.5em&#8220; background_color=&#8220;rgba(255,255,255,0)&#8220; background_image=&#8220;https:\/\/www.harasducerisier.com\/wp-content\/uploads\/2024\/05\/F6.webp&#8220; background_position=&#8220;top_center&#8220; background_vertical_offset=&#8220;19%&#8220; custom_button_one=&#8220;on&#8220; button_one_text_size=&#8220;16px&#8220; button_one_text_color=&#8220;#ffffff&#8220; button_one_bg_color=&#8220;#d29f68&#8243; button_one_border_width=&#8220;15px&#8220; button_one_border_color=&#8220;rgba(210,159,104,0)&#8220; button_one_border_radius=&#8220;100px&#8220; button_one_letter_spacing=&#8220;3px&#8220; button_one_font=&#8220;Oswald|||on|||||&#8220; button_one_use_icon=&#8220;off&#8220; custom_button_two=&#8220;on&#8220; button_two_text_size=&#8220;16px&#8220; button_two_text_color=&#8220;#ffffff&#8220; button_two_bg_color=&#8220;rgba(255,255,255,0.35)&#8220; button_two_border_width=&#8220;15px&#8220; button_two_border_color=&#8220;rgba(0,0,0,0)&#8220; button_two_border_radius=&#8220;100px&#8220; button_two_letter_spacing=&#8220;3px&#8220; button_two_font=&#8220;Oswald|||on|||||&#8220; button_two_use_icon=&#8220;off&#8220; min_height=&#8220;251px&#8220; custom_margin=&#8220;|||&#8220; custom_padding=&#8220;224px||224px||true|&#8220; animation_style=&#8220;zoom&#8220; animation_duration=&#8220;2000ms&#8220; animation_intensity_zoom=&#8220;4%&#8220; subhead_font_size_tablet=&#8220;&#8220; subhead_font_size_phone=&#8220;50px&#8220; subhead_font_size_last_edited=&#8220;on|desktop&#8220; button_one_border_radius_hover=&#8220;100px&#8220; button_one_bg_color_hover=&#8220;#cc8d66&#8243; button_two_bg_color_hover=&#8220;#d29f68&#8243; global_colors_info=&#8220;{}&#8220; button_one_text_size__hover_enabled=&#8220;off&#8220; button_two_text_size__hover_enabled=&#8220;off&#8220; button_one_text_color__hover_enabled=&#8220;off&#8220; button_two_text_color__hover_enabled=&#8220;off&#8220; button_one_border_width__hover_enabled=&#8220;off&#8220; button_two_border_width__hover_enabled=&#8220;off&#8220; button_one_border_color__hover_enabled=&#8220;off&#8220; button_two_border_color__hover_enabled=&#8220;off&#8220; button_one_border_radius__hover_enabled=&#8220;on&#8220; button_one_border_radius__hover=&#8220;100px&#8220; button_two_border_radius__hover_enabled=&#8220;off&#8220; button_one_letter_spacing__hover_enabled=&#8220;off&#8220; button_two_letter_spacing__hover_enabled=&#8220;off&#8220; button_one_bg_color__hover_enabled=&#8220;on&#8220; button_one_bg_color__hover=&#8220;#cc8d66&#8243; button_two_bg_color__hover_enabled=&#8220;on&#8220; button_two_bg_color__hover=&#8220;#d29f68&#8243;][\/et_pb_fullwidth_header][\/et_pb_section][et_pb_section fb_built=&#8220;1&#8243; admin_label=&#8220;Listings&#8220; _builder_version=&#8220;4.16&#8243; custom_padding=&#8220;80px||0||false|false&#8220; animation_style=&#8220;fade&#8220; animation_delay=&#8220;200ms&#8220; global_colors_info=&#8220;{}&#8220;][et_pb_row _builder_version=&#8220;4.25.1&#8243; _module_preset=&#8220;default&#8220; locked=&#8220;off&#8220; global_colors_info=&#8220;{}&#8220;][et_pb_column type=&#8220;4_4&#8243; _builder_version=&#8220;4.25.1&#8243; _module_preset=&#8220;default&#8220; custom_padding=&#8220;10px||0px||false|false&#8220; border_width_top=&#8220;1px&#8220; border_color_top=&#8220;#002042&#8243; border_width_bottom=&#8220;1px&#8220; border_color_bottom=&#8220;#002042&#8243; global_colors_info=&#8220;{}&#8220;][et_pb_text _builder_version=&#8220;4.25.1&#8243; text_font=&#8220;Lora||||||||&#8220; text_font_size=&#8220;15px&#8220; text_line_height=&#8220;2em&#8220; link_font=&#8220;||||||||&#8220; ul_font=&#8220;||||||||&#8220; ol_font=&#8220;||||||||&#8220; quote_font=&#8220;||||||||&#8220; header_font=&#8220;||||||||&#8220; header_2_font=&#8220;Lora|700|||||||&#8220; header_2_font_size=&#8220;50px&#8220; header_2_line_height=&#8220;1.5em&#8220; header_3_font=&#8220;Lora|700|||||||&#8220; header_3_font_size=&#8220;42px&#8220; header_3_line_height=&#8220;1.5em&#8220; header_5_font=&#8220;Oswald|||on|||||&#8220; header_5_text_color=&#8220;rgba(0,0,0,0.4)&#8220; header_5_font_size=&#8220;20px&#8220; header_5_letter_spacing=&#8220;3px&#8220; max_width_tablet=&#8220;&#8220; max_width_phone=&#8220;&#8220; max_width_last_edited=&#8220;on|phone&#8220; custom_margin_tablet=&#8220;|70px||70px&#8220; custom_margin_phone=&#8220;|50px||50px&#8220; custom_margin_last_edited=&#8220;off|desktop&#8220; custom_padding=&#8220;||0px|||&#8220; text_line_height_last_edited=&#8220;off|desktop&#8220; locked=&#8220;off&#8220; global_colors_info=&#8220;{}&#8220;]<\/p>\n<h3><span>Verkaufspferde<\/span><\/h3>\n<p class=\"font_8 wixui-rich-text__text\" style=\"text-align: justify;\"><span class=\"wixui-rich-text__text\">Wir vermarkten jedes Jahr mehrere Pferde.<br \/>Bitte z\u00f6gern Sie nicht, uns f\u00fcr weitere Informationen zu kontaktieren. <\/span><\/p>\n<p>&nbsp;<\/p>\n<p>[\/et_pb_text][\/et_pb_column][\/et_pb_row][\/et_pb_section][et_pb_section fb_built=&#8220;1&#8243; admin_label=&#8220;Listings&#8220; _builder_version=&#8220;4.25.1&#8243; custom_padding=&#8220;80px||0||false|false&#8220; top_divider_style=&#8220;slant&#8220; top_divider_color=&#8220;#002042&#8243; animation_style=&#8220;fade&#8220; animation_delay=&#8220;200ms&#8220; border_width_bottom=&#8220;1px&#8220; border_color_bottom=&#8220;#002042&#8243; global_colors_info=&#8220;{}&#8220;][et_pb_row _builder_version=&#8220;4.25.1&#8243; _module_preset=&#8220;default&#8220; custom_padding=&#8220;||0px|||&#8220; global_colors_info=&#8220;{}&#8220;][et_pb_column type=&#8220;4_4&#8243; _builder_version=&#8220;4.25.1&#8243; _module_preset=&#8220;default&#8220; global_colors_info=&#8220;{}&#8220;][et_pb_text _builder_version=&#8220;4.25.1&#8243; _module_preset=&#8220;default&#8220; text_text_color=&#8220;#002042&#8243; custom_margin=&#8220;||18px|||&#8220; locked=&#8220;off&#8220; global_colors_info=&#8220;{}&#8220;]<\/p>\n<h3 style=\"text-align: left;\"><em><strong>Unsere Sportpferde zum Verkauf<\/strong><\/em><\/h3>\n<p>&nbsp;<\/p>\n<p>[\/et_pb_text][\/et_pb_column][\/et_pb_row][et_pb_row _builder_version=&#8220;4.25.1&#8243; _module_preset=&#8220;default&#8220; custom_padding=&#8220;||34px|||&#8220; border_width_bottom=&#8220;1px&#8220; border_color_bottom=&#8220;#000000&#8243; locked=&#8220;off&#8220; global_colors_info=&#8220;{}&#8220;][et_pb_column type=&#8220;4_4&#8243; _builder_version=&#8220;4.25.1&#8243; _module_preset=&#8220;default&#8220; global_colors_info=&#8220;{}&#8220;][et_pb_blurb title=&#8220;Focus du Cerisier&#8220; url=&#8220;https:\/\/www.harasducerisier.com\/focus-du-cerisier\/&#8220; image=&#8220;https:\/\/www.harasducerisier.com\/wp-content\/uploads\/2024\/05\/F11.webp&#8220; _builder_version=&#8220;4.25.1&#8243; header_font=&#8220;Oswald|||on|||||&#8220; header_font_size=&#8220;16px&#8220; header_letter_spacing=&#8220;2px&#8220; header_line_height=&#8220;1.7em&#8220; body_font=&#8220;Lora||||||||&#8220; body_font_size=&#8220;16px&#8220; body_line_height=&#8220;1.9em&#8220; text_orientation=&#8220;center&#8220; animation_style=&#8220;fade&#8220; animation=&#8220;off&#8220; link_option_url=&#8220;https:\/\/www.harasducerisier.com\/focus-du-cerisier\/&#8220; hover_enabled=&#8220;0&#8243; border_radii_image=&#8220;on|8px|8px|8px|8px&#8220; box_shadow_style_image=&#8220;preset3&#8243; box_shadow_vertical_image=&#8220;40px&#8220; box_shadow_blur_image=&#8220;60px&#8220; box_shadow_spread_image=&#8220;-35px&#8220; locked=&#8220;off&#8220; global_colors_info=&#8220;{}&#8220; sticky_enabled=&#8220;0&#8243;]<\/p>\n<p><strong>Ideales Pferd f\u00fcr Junioren oder Amateure<\/strong><br \/>Kannan x Loyalty du Cerisier<br \/>Vollbruder von Eclat du Cerisier<\/p>\n<p>[\/et_pb_blurb][et_pb_video src=&#8220;https:\/\/youtu.be\/95IQN924FWY?si=DhGLp3Kf14f-q___&#8220; _builder_version=&#8220;4.25.1&#8243; _module_preset=&#8220;default&#8220; global_colors_info=&#8220;{}&#8220;][\/et_pb_video][\/et_pb_column][\/et_pb_row][et_pb_row _builder_version=&#8220;4.25.1&#8243; _module_preset=&#8220;default&#8220; custom_padding=&#8220;||0px|||&#8220; locked=&#8220;off&#8220; global_colors_info=&#8220;{}&#8220;][et_pb_column type=&#8220;4_4&#8243; _builder_version=&#8220;4.25.1&#8243; _module_preset=&#8220;default&#8220; global_colors_info=&#8220;{}&#8220;][et_pb_text _builder_version=&#8220;4.25.1&#8243; _module_preset=&#8220;default&#8220; text_text_color=&#8220;#002042&#8243; custom_margin=&#8220;||18px|||&#8220; locked=&#8220;off&#8220; global_colors_info=&#8220;{}&#8220;]<\/p>\n<h3 style=\"text-align: left;\"><em><strong>Unsere Zuchtpferde zum Verkauf<\/strong><\/em><\/h3>\n<p>&nbsp;<\/p>\n<p>[\/et_pb_text][\/et_pb_column][\/et_pb_row][et_pb_row column_structure=&#8220;1_2,1_2&#8243; _builder_version=&#8220;4.25.1&#8243; _module_preset=&#8220;default&#8220; custom_padding=&#8220;||34px|||&#8220; locked=&#8220;off&#8220; global_colors_info=&#8220;{}&#8220;][et_pb_column type=&#8220;1_2&#8243; _builder_version=&#8220;4.25.1&#8243; _module_preset=&#8220;default&#8220; global_colors_info=&#8220;{}&#8220;][et_pb_blurb title=&#8220;Ninja du Cerisier&#8220; image=&#8220;https:\/\/www.harasducerisier.com\/wp-content\/uploads\/2024\/07\/DSC_4602.jpg&#8220; image_tablet=&#8220;https:\/\/www.harasducerisier.com\/wp-content\/uploads\/2024\/07\/DSC_4602.jpg&#8220; image_phone=&#8220;https:\/\/www.harasducerisier.com\/wp-content\/uploads\/2024\/07\/DSC_4602.jpg&#8220; image_last_edited=&#8220;on|desktop&#8220; _builder_version=&#8220;4.25.1&#8243; header_font=&#8220;Oswald|||on|||||&#8220; header_font_size=&#8220;16px&#8220; header_letter_spacing=&#8220;2px&#8220; header_line_height=&#8220;1.7em&#8220; body_font=&#8220;Lora||||||||&#8220; body_font_size=&#8220;16px&#8220; body_line_height=&#8220;1.9em&#8220; text_orientation=&#8220;center&#8220; animation_style=&#8220;fade&#8220; animation=&#8220;off&#8220; hover_enabled=&#8220;0&#8243; border_radii_image=&#8220;on|8px|8px|8px|8px&#8220; box_shadow_style_image=&#8220;preset3&#8243; box_shadow_vertical_image=&#8220;40px&#8220; box_shadow_blur_image=&#8220;60px&#8220; box_shadow_spread_image=&#8220;-35px&#8220; locked=&#8220;off&#8220; global_colors_info=&#8220;{}&#8220; sticky_enabled=&#8220;0&#8243;]<\/p>\n<p><strong>Stute, geboren 2023<\/strong><br \/>Cristallo x Untouchable<\/p>\n<p>[\/et_pb_blurb][et_pb_video src=&#8220;https:\/\/www.harasducerisier.com\/wp-content\/uploads\/2024\/09\/N2.mp4&#8243; _builder_version=&#8220;4.25.1&#8243; _module_preset=&#8220;default&#8220; global_colors_info=&#8220;{}&#8220;][\/et_pb_video][et_pb_video src=&#8220;https:\/\/www.harasducerisier.com\/wp-content\/uploads\/2024\/09\/N1.mp4&#8243; _builder_version=&#8220;4.25.1&#8243; _module_preset=&#8220;default&#8220; global_colors_info=&#8220;{}&#8220;][\/et_pb_video][\/et_pb_column][et_pb_column type=&#8220;1_2&#8243; _builder_version=&#8220;4.25.1&#8243; _module_preset=&#8220;default&#8220; global_colors_info=&#8220;{}&#8220;][et_pb_blurb title=&#8220;Ohlala du Cerisier&#8220; image=&#8220;https:\/\/www.harasducerisier.com\/wp-content\/uploads\/2024\/07\/DSC_4523-1.jpg&#8220; _builder_version=&#8220;4.25.1&#8243; header_font=&#8220;Oswald|||on|||||&#8220; header_font_size=&#8220;16px&#8220; header_letter_spacing=&#8220;2px&#8220; header_line_height=&#8220;1.7em&#8220; body_font=&#8220;Lora||||||||&#8220; body_font_size=&#8220;16px&#8220; body_line_height=&#8220;1.9em&#8220; text_orientation=&#8220;center&#8220; animation_style=&#8220;fade&#8220; animation=&#8220;off&#8220; border_radii_image=&#8220;on|8px|8px|8px|8px&#8220; box_shadow_style_image=&#8220;preset3&#8243; box_shadow_vertical_image=&#8220;40px&#8220; box_shadow_blur_image=&#8220;60px&#8220; box_shadow_spread_image=&#8220;-35px&#8220; locked=&#8220;off&#8220; global_colors_info=&#8220;{}&#8220;]<\/p>\n<p><strong><\/strong><\/p>\n<p><strong>Stutfohlen geboren 2024<\/strong><br \/>Huricane de Champloue x Contendro<\/p>\n<p>[\/et_pb_blurb][et_pb_video src=&#8220;https:\/\/www.harasducerisier.com\/wp-content\/uploads\/2024\/07\/Poulains-3.m4v&#8220; _builder_version=&#8220;4.25.1&#8243; _module_preset=&#8220;default&#8220; global_colors_info=&#8220;{}&#8220;][\/et_pb_video][\/et_pb_column][\/et_pb_row][\/et_pb_section]<\/p>\n","protected":false},"excerpt":{"rendered":"<p>Verkaufspferde Wir vermarkten jedes Jahr mehrere Pferde.Bitte z\u00f6gern Sie nicht, uns f\u00fcr weitere Informationen zu kontaktieren. &nbsp;Unsere Sportpferde zum Verkauf &nbsp;Ideales Pferd f\u00fcr Junioren oder AmateureKannan x Loyalty du CerisierVollbruder von Eclat du CerisierUnsere Zuchtpferde zum Verkauf &nbsp;Stute, geboren 2023Cristallo x Untouchable Stutfohlen geboren 2024Huricane de Champloue x Contendro<\/p>\n","protected":false},"author":1,"featured_media":0,"parent":0,"menu_order":0,"comment_status":"closed","ping_status":"closed","template":"","meta":{"_et_pb_use_builder":"on","_et_pb_old_content":"","_et_gb_content_width":"","footnotes":""},"class_list":["post-975","page","type-page","status-publish","hentry"],"_links":{"self":[{"href":"https:\/\/www.harasducerisier.com\/de\/wp-json\/wp\/v2\/pages\/975","targetHints":{"allow":["GET"]}}],"collection":[{"href":"https:\/\/www.harasducerisier.com\/de\/wp-json\/wp\/v2\/pages"}],"about":[{"href":"https:\/\/www.harasducerisier.com\/de\/wp-json\/wp\/v2\/types\/page"}],"author":[{"embeddable":true,"href":"https:\/\/www.harasducerisier.com\/de\/wp-json\/wp\/v2\/users\/1"}],"replies":[{"embeddable":true,"href":"https:\/\/www.harasducerisier.com\/de\/wp-json\/wp\/v2\/comments?post=975"}],"version-history":[{"count":4,"href":"https:\/\/www.harasducerisier.com\/de\/wp-json\/wp\/v2\/pages\/975\/revisions"}],"predecessor-version":[{"id":1152,"href":"https:\/\/www.harasducerisier.com\/de\/wp-json\/wp\/v2\/pages\/975\/revisions\/1152"}],"wp:attachment":[{"href":"https:\/\/www.harasducerisier.com\/de\/wp-json\/wp\/v2\/media?parent=975"}],"curies":[{"name":"wp","href":"https:\/\/api.w.org\/{rel}","templated":true}]}}